{"id":17,"date":"2021-12-16T10:51:55","date_gmt":"2021-12-16T10:51:55","guid":{"rendered":"http:\/\/moebelwerkstatt-gasser.at\/?page_id=17"},"modified":"2022-03-01T17:18:02","modified_gmt":"2022-03-01T17:18:02","slug":"impressum","status":"publish","type":"page","link":"https:\/\/moebelwerkstatt-gasser.at\/index.php\/impressum\/","title":{"rendered":"Impressum"},"content":{"rendered":"\t\t<div data-elementor-type=\"wp-page\" data-elementor-id=\"17\" class=\"elementor elementor-17\">\n\t\t\t\t\t\t\t\t\t<section class=\"elementor-section elementor-top-section elementor-element elementor-element-3b6a406 elementor-section-boxed elementor-section-height-default elementor-section-height-default\" data-id=\"3b6a406\" data-element_type=\"section\">\n\t\t\t\t\t\t<div class=\"elementor-container elementor-column-gap-default\">\n\t\t\t\t\t<div class=\"elementor-column elementor-col-100 elementor-top-column elementor-element elementor-element-1224f41\" data-id=\"1224f41\" data-element_type=\"column\">\n\t\t\t<div class=\"elementor-widget-wrap elementor-element-populated\">\n\t\t\t\t\t\t\t\t<div class=\"elementor-element elementor-element-1b8c8a6 elementor-widget elementor-widget-spacer\" data-id=\"1b8c8a6\" data-element_type=\"widget\" data-widget_type=\"spacer.default\">\n\t\t\t\t<div class=\"elementor-widget-container\">\n\t\t\t<style>\/*! elementor - v3.7.3 - 29-08-2022 *\/\n.elementor-column .elementor-spacer-inner{height:var(--spacer-size)}.e-container{--container-widget-width:100%}.e-container>.elementor-widget-spacer{width:var(--container-widget-width,var(--spacer-size));-ms-flex-item-align:stretch;align-self:stretch;-ms-flex-negative:0;flex-shrink:0}.e-container>.elementor-widget-spacer>.elementor-widget-container,.e-container>.elementor-widget-spacer>.elementor-widget-container>.elementor-spacer{height:100%}.e-container>.elementor-widget-spacer>.elementor-widget-container>.elementor-spacer>.elementor-spacer-inner{height:var(--container-widget-height,var(--spacer-size))}<\/style>\t\t<div class=\"elementor-spacer\">\n\t\t\t<div class=\"elementor-spacer-inner\"><\/div>\n\t\t<\/div>\n\t\t\t\t<\/div>\n\t\t\t\t<\/div>\n\t\t\t\t\t<\/div>\n\t\t<\/div>\n\t\t\t\t\t\t\t<\/div>\n\t\t<\/section>\n\t\t\t\t<section class=\"elementor-section elementor-top-section elementor-element elementor-element-52ecf7a elementor-section-boxed elementor-section-height-default elementor-section-height-default\" data-id=\"52ecf7a\" data-element_type=\"section\">\n\t\t\t\t\t\t<div class=\"elementor-container elementor-column-gap-default\">\n\t\t\t\t\t<div class=\"elementor-column elementor-col-100 elementor-top-column elementor-element elementor-element-167f12b\" data-id=\"167f12b\" data-element_type=\"column\">\n\t\t\t<div class=\"elementor-widget-wrap elementor-element-populated\">\n\t\t\t\t\t\t\t\t<div class=\"elementor-element elementor-element-43b84ac elementor-widget elementor-widget-heading\" data-id=\"43b84ac\" data-element_type=\"widget\" data-widget_type=\"heading.default\">\n\t\t\t\t<div class=\"elementor-widget-container\">\n\t\t\t<style>\/*! elementor - v3.7.3 - 29-08-2022 *\/\n.elementor-heading-title{padding:0;margin:0;line-height:1}.elementor-widget-heading .elementor-heading-title[class*=elementor-size-]>a{color:inherit;font-size:inherit;line-height:inherit}.elementor-widget-heading .elementor-heading-title.elementor-size-small{font-size:15px}.elementor-widget-heading .elementor-heading-title.elementor-size-medium{font-size:19px}.elementor-widget-heading .elementor-heading-title.elementor-size-large{font-size:29px}.elementor-widget-heading .elementor-heading-title.elementor-size-xl{font-size:39px}.elementor-widget-heading .elementor-heading-title.elementor-size-xxl{font-size:59px}<\/style><h1 class=\"elementor-heading-title elementor-size-default\">Impressum<\/h1>\t\t<\/div>\n\t\t\t\t<\/div>\n\t\t\t\t\t<\/div>\n\t\t<\/div>\n\t\t\t\t\t\t\t<\/div>\n\t\t<\/section>\n\t\t\t\t<section class=\"elementor-section elementor-top-section elementor-element elementor-element-3b5d061 elementor-section-boxed elementor-section-height-default elementor-section-height-default\" data-id=\"3b5d061\" data-element_type=\"section\">\n\t\t\t\t\t\t<div class=\"elementor-container elementor-column-gap-default\">\n\t\t\t\t\t<div class=\"elementor-column elementor-col-100 elementor-top-column elementor-element elementor-element-f12ee69\" data-id=\"f12ee69\" data-element_type=\"column\">\n\t\t\t<div class=\"elementor-widget-wrap elementor-element-populated\">\n\t\t\t\t\t\t\t\t<div class=\"elementor-element elementor-element-5bbdd47 elementor-widget elementor-widget-spacer\" data-id=\"5bbdd47\" data-element_type=\"widget\" data-widget_type=\"spacer.default\">\n\t\t\t\t<div class=\"elementor-widget-container\">\n\t\t\t\t\t<div class=\"elementor-spacer\">\n\t\t\t<div class=\"elementor-spacer-inner\"><\/div>\n\t\t<\/div>\n\t\t\t\t<\/div>\n\t\t\t\t<\/div>\n\t\t\t\t\t<\/div>\n\t\t<\/div>\n\t\t\t\t\t\t\t<\/div>\n\t\t<\/section>\n\t\t\t\t<section class=\"elementor-section elementor-top-section elementor-element elementor-element-74ad390 elementor-section-boxed elementor-section-height-default elementor-section-height-default\" data-id=\"74ad390\" data-element_type=\"section\">\n\t\t\t\t\t\t<div class=\"elementor-container elementor-column-gap-default\">\n\t\t\t\t\t<div class=\"elementor-column elementor-col-100 elementor-top-column elementor-element elementor-element-0c71b62\" data-id=\"0c71b62\" data-element_type=\"column\">\n\t\t\t<div class=\"elementor-widget-wrap elementor-element-populated\">\n\t\t\t\t\t\t\t\t<div class=\"elementor-element elementor-element-5dda8e1 elementor-widget elementor-widget-text-editor\" data-id=\"5dda8e1\" data-element_type=\"widget\" data-widget_type=\"text-editor.default\">\n\t\t\t\t<div class=\"elementor-widget-container\">\n\t\t\t<style>\/*! elementor - v3.7.3 - 29-08-2022 *\/\n.elementor-widget-text-editor.elementor-drop-cap-view-stacked .elementor-drop-cap{background-color:#818a91;color:#fff}.elementor-widget-text-editor.elementor-drop-cap-view-framed .elementor-drop-cap{color:#818a91;border:3px solid;background-color:transparent}.elementor-widget-text-editor:not(.elementor-drop-cap-view-default) .elementor-drop-cap{margin-top:8px}.elementor-widget-text-editor:not(.elementor-drop-cap-view-default) .elementor-drop-cap-letter{width:1em;height:1em}.elementor-widget-text-editor .elementor-drop-cap{float:left;text-align:center;line-height:1;font-size:50px}.elementor-widget-text-editor .elementor-drop-cap-letter{display:inline-block}<\/style>\t\t\t\t<h2><span style=\"color: #ffffff;\"><strong>m\u00f6belwerkstatt \u2013 Manfred Gasser<\/strong><\/span><\/h2><p><em>\u00a0<\/em>Kesselstra\u00dfe 9<\/p><p>A-6922 Wolfurt<\/p><p>T: +43\/664\/313 77 24<\/p><p><a href=\"mailto:info@moebelwerkstatt-gasser.at\">info@moebelwerkstatt-gasser.at<\/a><\/p>\t\t\t\t\t\t<\/div>\n\t\t\t\t<\/div>\n\t\t\t\t\t<\/div>\n\t\t<\/div>\n\t\t\t\t\t\t\t<\/div>\n\t\t<\/section>\n\t\t\t\t<section class=\"elementor-section elementor-top-section elementor-element elementor-element-bf9a904 elementor-section-boxed elementor-section-height-default elementor-section-height-default\" data-id=\"bf9a904\" data-element_type=\"section\">\n\t\t\t\t\t\t<div class=\"elementor-container elementor-column-gap-default\">\n\t\t\t\t\t<div class=\"elementor-column elementor-col-100 elementor-top-column elementor-element elementor-element-5395f73\" data-id=\"5395f73\" data-element_type=\"column\">\n\t\t\t<div class=\"elementor-widget-wrap elementor-element-populated\">\n\t\t\t\t\t\t\t\t<div class=\"elementor-element elementor-element-2b7b4eb elementor-widget elementor-widget-text-editor\" data-id=\"2b7b4eb\" data-element_type=\"widget\" data-widget_type=\"text-editor.default\">\n\t\t\t\t<div class=\"elementor-widget-container\">\n\t\t\t\t\t\t\t<h2><span style=\"color: #ffffff;\"><strong>Rechtliche Informationen<\/strong><\/span><\/h2><p><strong>\u00a0Haftung f\u00fcr Links<\/strong><\/p><p>Trotz sorgf\u00e4ltiger inhaltlicher Kontrolle \u00fcbernehmen wir keine Haftung f\u00fcr die Inhalte externer Links. Wir \u00fcbernehmen ferner keine Verantwortung f\u00fcr Inhalte auf Websites von deren Partnern und teilnehmenden Betrieben, auf die mittels Links verwiesen wird. F\u00fcr den Inhalt der verlinkten Seiten sind ausschlie\u00dflich deren Betreiber verantwortlich.<\/p><p><strong>Urheberrechte, Nutzungsbedingungen<\/strong><\/p><p>S\u00e4mtliche Inhalte, Texte, Grafiken und Fotos sind urheberrechtlich gesch\u00fctzt. Die Bereitstellung von Inhalten und Bildmaterial dieser Website auf anderen Websites ist nicht gestattet. Die auf dieser Website enthaltenen Angaben wurden nach bestem Wissen erstellt und mit gro\u00dfer Sorgfalt auf ihre Richtigkeit \u00fcberpr\u00fcft. Trotzdem sind inhaltliche und sachliche Fehler nicht vollst\u00e4ndig auszuschlie\u00dfen. Der Betreiber dieser Website \u00fcbernimmt keinerlei Garantie und Haftung f\u00fcr die Richtigkeit, Aktualit\u00e4t und Vollst\u00e4ndigkeit der bereitgestellten Informationen. Alle Angaben sind ohne Gew\u00e4hr. Dies gilt auch f\u00fcr alle Links zu anderen URLs, die auf dieser Website genannt werden.<\/p><p><strong>Widerspruch Werbe-Mails<\/strong><\/p><p>Der Nutzung von im Rahmen der Impressumspflicht ver\u00f6ffentlichten Kontaktdaten zur \u00dcbersendung von nicht ausdr\u00fccklich angeforderter Werbung und Informationsmaterialien wird hiermit widersprochen. Die Betreiber der Website behalten sich ausdr\u00fccklich rechtliche Schritte im Falle der unverlangten Zusendung von Werbeinformationen, etwa durch Spam-E-Mails, vor.<\/p><p><strong>Credits<\/strong><\/p><p><u>Konzeption, Inhalte und Umsetzung:<\/u> DramaTec &#8211; Mag. Bertram Holzer<\/p><p><u>Bilder:<\/u> MWMedia &#8211; Matthias Witzemann<\/p>\t\t\t\t\t\t<\/div>\n\t\t\t\t<\/div>\n\t\t\t\t\t<\/div>\n\t\t<\/div>\n\t\t\t\t\t\t\t<\/div>\n\t\t<\/section>\n\t\t\t\t\t\t\t<\/div>\n\t\t","protected":false},"excerpt":{"rendered":"<p>Impressum m\u00f6belwerkstatt \u2013 Manfred Gasser \u00a0Kesselstra\u00dfe 9 A-6922 Wolfurt T: +43\/664\/313 77 24 info@moebelwerkstatt-gasser.at Rechtliche Informationen \u00a0Haftung f\u00fcr Links Trotz sorgf\u00e4ltiger inhaltlicher Kontrolle \u00fcbernehmen wir keine Haftung f\u00fcr die Inhalte externer Links. Wir \u00fcbernehmen ferner keine Verantwortung f\u00fcr Inhalte auf Websites von deren Partnern und teilnehmenden Betrieben, auf die mittels Links verwiesen wird. F\u00fcr den [&hellip;]<\/p>\n","protected":false},"author":1,"featured_media":0,"parent":0,"menu_order":0,"comment_status":"closed","ping_status":"closed","template":"","meta":{"ocean_post_layout":"","ocean_both_sidebars_style":"","ocean_both_sidebars_content_width":0,"ocean_both_sidebars_sidebars_width":0,"ocean_sidebar":"0","ocean_second_sidebar":"0","ocean_disable_margins":"enable","ocean_add_body_class":"","ocean_shortcode_before_top_bar":"","ocean_shortcode_after_top_bar":"","ocean_shortcode_before_header":"","ocean_shortcode_after_header":"","ocean_has_shortcode":"","ocean_shortcode_after_title":"","ocean_shortcode_before_footer_widgets":"","ocean_shortcode_after_footer_widgets":"","ocean_shortcode_before_footer_bottom":"","ocean_shortcode_after_footer_bottom":"","ocean_display_top_bar":"default","ocean_display_header":"default","ocean_header_style":"","ocean_center_header_left_menu":"0","ocean_custom_header_template":"0","ocean_custom_logo":0,"ocean_custom_retina_logo":0,"ocean_custom_logo_max_width":0,"ocean_custom_logo_tablet_max_width":0,"ocean_custom_logo_mobile_max_width":0,"ocean_custom_logo_max_height":0,"ocean_custom_logo_tablet_max_height":0,"ocean_custom_logo_mobile_max_height":0,"ocean_header_custom_menu":"0","ocean_menu_typo_font_family":"0","ocean_menu_typo_font_subset":"","ocean_menu_typo_font_size":0,"ocean_menu_typo_font_size_tablet":0,"ocean_menu_typo_font_size_mobile":0,"ocean_menu_typo_font_size_unit":"px","ocean_menu_typo_font_weight":"","ocean_menu_typo_font_weight_tablet":"","ocean_menu_typo_font_weight_mobile":"","ocean_menu_typo_transform":"","ocean_menu_typo_transform_tablet":"","ocean_menu_typo_transform_mobile":"","ocean_menu_typo_line_height":0,"ocean_menu_typo_line_height_tablet":0,"ocean_menu_typo_line_height_mobile":0,"ocean_menu_typo_line_height_unit":"","ocean_menu_typo_spacing":0,"ocean_menu_typo_spacing_tablet":0,"ocean_menu_typo_spacing_mobile":0,"ocean_menu_typo_spacing_unit":"","ocean_menu_link_color":"","ocean_menu_link_color_hover":"","ocean_menu_link_color_active":"","ocean_menu_link_background":"","ocean_menu_link_hover_background":"","ocean_menu_link_active_background":"","ocean_menu_social_links_bg":"","ocean_menu_social_hover_links_bg":"","ocean_menu_social_links_color":"","ocean_menu_social_hover_links_color":"","ocean_disable_title":"default","ocean_disable_heading":"default","ocean_post_title":"","ocean_post_subheading":"","ocean_post_title_style":"","ocean_post_title_background_color":"","ocean_post_title_background":0,"ocean_post_title_bg_image_position":"","ocean_post_title_bg_image_attachment":"","ocean_post_title_bg_image_repeat":"","ocean_post_title_bg_image_size":"","ocean_post_title_height":0,"ocean_post_title_bg_overlay":0.5,"ocean_post_title_bg_overlay_color":"","ocean_disable_breadcrumbs":"default","ocean_breadcrumbs_color":"","ocean_breadcrumbs_separator_color":"","ocean_breadcrumbs_links_color":"","ocean_breadcrumbs_links_hover_color":"","ocean_display_footer_widgets":"default","ocean_display_footer_bottom":"default","ocean_custom_footer_template":"0"},"yoast_head":"<!-- This site is optimized with the Yoast SEO plugin v19.6 - https:\/\/yoast.com\/wordpress\/plugins\/seo\/ -->\n<title>Impressum - Moebelwerkstatt Gasser<\/title>\n<meta name=\"robots\" content=\"index, follow, max-snippet:-1, max-image-preview:large, max-video-preview:-1\" \/>\n<link rel=\"canonical\" href=\"https:\/\/moebelwerkstatt-gasser.at\/index.php\/impressum\/\" \/>\n<meta property=\"og:locale\" content=\"de_DE\" \/>\n<meta property=\"og:type\" content=\"article\" \/>\n<meta property=\"og:title\" content=\"Impressum - Moebelwerkstatt Gasser\" \/>\n<meta property=\"og:description\" content=\"Impressum m\u00f6belwerkstatt \u2013 Manfred Gasser \u00a0Kesselstra\u00dfe 9 A-6922 Wolfurt T: +43\/664\/313 77 24 info@moebelwerkstatt-gasser.at Rechtliche Informationen \u00a0Haftung f\u00fcr Links Trotz sorgf\u00e4ltiger inhaltlicher Kontrolle \u00fcbernehmen wir keine Haftung f\u00fcr die Inhalte externer Links. Wir \u00fcbernehmen ferner keine Verantwortung f\u00fcr Inhalte auf Websites von deren Partnern und teilnehmenden Betrieben, auf die mittels Links verwiesen wird. F\u00fcr den [&hellip;]\" \/>\n<meta property=\"og:url\" content=\"https:\/\/moebelwerkstatt-gasser.at\/index.php\/impressum\/\" \/>\n<meta property=\"og:site_name\" content=\"Moebelwerkstatt Gasser\" \/>\n<meta property=\"article:modified_time\" content=\"2022-03-01T17:18:02+00:00\" \/>\n<meta name=\"twitter:card\" content=\"summary_large_image\" \/>\n<meta name=\"twitter:label1\" content=\"Gesch\u00e4tzte Lesezeit\" \/>\n\t<meta name=\"twitter:data1\" content=\"1 Minute\" \/>\n<script type=\"application\/ld+json\" class=\"yoast-schema-graph\">{\"@context\":\"https:\/\/schema.org\",\"@graph\":[{\"@type\":\"WebPage\",\"@id\":\"https:\/\/moebelwerkstatt-gasser.at\/index.php\/impressum\/\",\"url\":\"https:\/\/moebelwerkstatt-gasser.at\/index.php\/impressum\/\",\"name\":\"Impressum - Moebelwerkstatt Gasser\",\"isPartOf\":{\"@id\":\"https:\/\/moebelwerkstatt-gasser.at\/#website\"},\"datePublished\":\"2021-12-16T10:51:55+00:00\",\"dateModified\":\"2022-03-01T17:18:02+00:00\",\"breadcrumb\":{\"@id\":\"https:\/\/moebelwerkstatt-gasser.at\/index.php\/impressum\/#breadcrumb\"},\"inLanguage\":\"de-DE\",\"potentialAction\":[{\"@type\":\"ReadAction\",\"target\":[\"https:\/\/moebelwerkstatt-gasser.at\/index.php\/impressum\/\"]}]},{\"@type\":\"BreadcrumbList\",\"@id\":\"https:\/\/moebelwerkstatt-gasser.at\/index.php\/impressum\/#breadcrumb\",\"itemListElement\":[{\"@type\":\"ListItem\",\"position\":1,\"name\":\"Startseite\",\"item\":\"https:\/\/moebelwerkstatt-gasser.at\/\"},{\"@type\":\"ListItem\",\"position\":2,\"name\":\"Impressum\"}]},{\"@type\":\"WebSite\",\"@id\":\"https:\/\/moebelwerkstatt-gasser.at\/#website\",\"url\":\"https:\/\/moebelwerkstatt-gasser.at\/\",\"name\":\"Moebelwerkstatt Gasser\",\"description\":\"\",\"publisher\":{\"@id\":\"https:\/\/moebelwerkstatt-gasser.at\/#organization\"},\"potentialAction\":[{\"@type\":\"SearchAction\",\"target\":{\"@type\":\"EntryPoint\",\"urlTemplate\":\"https:\/\/moebelwerkstatt-gasser.at\/?s={search_term_string}\"},\"query-input\":\"required name=search_term_string\"}],\"inLanguage\":\"de-DE\"},{\"@type\":\"Organization\",\"@id\":\"https:\/\/moebelwerkstatt-gasser.at\/#organization\",\"name\":\"m\u00f6belwerkstatt - Manfred Gasser\",\"url\":\"https:\/\/moebelwerkstatt-gasser.at\/\",\"sameAs\":[],\"logo\":{\"@type\":\"ImageObject\",\"inLanguage\":\"de-DE\",\"@id\":\"https:\/\/moebelwerkstatt-gasser.at\/#\/schema\/logo\/image\/\",\"url\":\"http:\/\/moebelwerkstatt-gasser.at\/wp-content\/uploads\/2021\/12\/Logo-moebelwerkstatt.jpg\",\"contentUrl\":\"http:\/\/moebelwerkstatt-gasser.at\/wp-content\/uploads\/2021\/12\/Logo-moebelwerkstatt.jpg\",\"width\":324,\"height\":117,\"caption\":\"m\u00f6belwerkstatt - Manfred Gasser\"},\"image\":{\"@id\":\"https:\/\/moebelwerkstatt-gasser.at\/#\/schema\/logo\/image\/\"}}]}<\/script>\n<!-- \/ Yoast SEO plugin. -->","yoast_head_json":{"title":"Impressum - Moebelwerkstatt Gasser","robots":{"index":"index","follow":"follow","max-snippet":"max-snippet:-1","max-image-preview":"max-image-preview:large","max-video-preview":"max-video-preview:-1"},"canonical":"https:\/\/moebelwerkstatt-gasser.at\/index.php\/impressum\/","og_locale":"de_DE","og_type":"article","og_title":"Impressum - Moebelwerkstatt Gasser","og_description":"Impressum m\u00f6belwerkstatt \u2013 Manfred Gasser \u00a0Kesselstra\u00dfe 9 A-6922 Wolfurt T: +43\/664\/313 77 24 info@moebelwerkstatt-gasser.at Rechtliche Informationen \u00a0Haftung f\u00fcr Links Trotz sorgf\u00e4ltiger inhaltlicher Kontrolle \u00fcbernehmen wir keine Haftung f\u00fcr die Inhalte externer Links. Wir \u00fcbernehmen ferner keine Verantwortung f\u00fcr Inhalte auf Websites von deren Partnern und teilnehmenden Betrieben, auf die mittels Links verwiesen wird. F\u00fcr den [&hellip;]","og_url":"https:\/\/moebelwerkstatt-gasser.at\/index.php\/impressum\/","og_site_name":"Moebelwerkstatt Gasser","article_modified_time":"2022-03-01T17:18:02+00:00","twitter_card":"summary_large_image","twitter_misc":{"Gesch\u00e4tzte Lesezeit":"1 Minute"},"schema":{"@context":"https:\/\/schema.org","@graph":[{"@type":"WebPage","@id":"https:\/\/moebelwerkstatt-gasser.at\/index.php\/impressum\/","url":"https:\/\/moebelwerkstatt-gasser.at\/index.php\/impressum\/","name":"Impressum - Moebelwerkstatt Gasser","isPartOf":{"@id":"https:\/\/moebelwerkstatt-gasser.at\/#website"},"datePublished":"2021-12-16T10:51:55+00:00","dateModified":"2022-03-01T17:18:02+00:00","breadcrumb":{"@id":"https:\/\/moebelwerkstatt-gasser.at\/index.php\/impressum\/#breadcrumb"},"inLanguage":"de-DE","potentialAction":[{"@type":"ReadAction","target":["https:\/\/moebelwerkstatt-gasser.at\/index.php\/impressum\/"]}]},{"@type":"BreadcrumbList","@id":"https:\/\/moebelwerkstatt-gasser.at\/index.php\/impressum\/#breadcrumb","itemListElement":[{"@type":"ListItem","position":1,"name":"Startseite","item":"https:\/\/moebelwerkstatt-gasser.at\/"},{"@type":"ListItem","position":2,"name":"Impressum"}]},{"@type":"WebSite","@id":"https:\/\/moebelwerkstatt-gasser.at\/#website","url":"https:\/\/moebelwerkstatt-gasser.at\/","name":"Moebelwerkstatt Gasser","description":"","publisher":{"@id":"https:\/\/moebelwerkstatt-gasser.at\/#organization"},"potentialAction":[{"@type":"SearchAction","target":{"@type":"EntryPoint","urlTemplate":"https:\/\/moebelwerkstatt-gasser.at\/?s={search_term_string}"},"query-input":"required name=search_term_string"}],"inLanguage":"de-DE"},{"@type":"Organization","@id":"https:\/\/moebelwerkstatt-gasser.at\/#organization","name":"m\u00f6belwerkstatt - Manfred Gasser","url":"https:\/\/moebelwerkstatt-gasser.at\/","sameAs":[],"logo":{"@type":"ImageObject","inLanguage":"de-DE","@id":"https:\/\/moebelwerkstatt-gasser.at\/#\/schema\/logo\/image\/","url":"http:\/\/moebelwerkstatt-gasser.at\/wp-content\/uploads\/2021\/12\/Logo-moebelwerkstatt.jpg","contentUrl":"http:\/\/moebelwerkstatt-gasser.at\/wp-content\/uploads\/2021\/12\/Logo-moebelwerkstatt.jpg","width":324,"height":117,"caption":"m\u00f6belwerkstatt - Manfred Gasser"},"image":{"@id":"https:\/\/moebelwerkstatt-gasser.at\/#\/schema\/logo\/image\/"}}]}},"_links":{"self":[{"href":"https:\/\/moebelwerkstatt-gasser.at\/index.php\/wp-json\/wp\/v2\/pages\/17"}],"collection":[{"href":"https:\/\/moebelwerkstatt-gasser.at\/index.php\/wp-json\/wp\/v2\/pages"}],"about":[{"href":"https:\/\/moebelwerkstatt-gasser.at\/index.php\/wp-json\/wp\/v2\/types\/page"}],"author":[{"embeddable":true,"href":"https:\/\/moebelwerkstatt-gasser.at\/index.php\/wp-json\/wp\/v2\/users\/1"}],"replies":[{"embeddable":true,"href":"https:\/\/moebelwerkstatt-gasser.at\/index.php\/wp-json\/wp\/v2\/comments?post=17"}],"version-history":[{"count":28,"href":"https:\/\/moebelwerkstatt-gasser.at\/index.php\/wp-json\/wp\/v2\/pages\/17\/revisions"}],"predecessor-version":[{"id":1057,"href":"https:\/\/moebelwerkstatt-gasser.at\/index.php\/wp-json\/wp\/v2\/pages\/17\/revisions\/1057"}],"wp:attachment":[{"href":"https:\/\/moebelwerkstatt-gasser.at\/index.php\/wp-json\/wp\/v2\/media?parent=17"}],"curies":[{"name":"wp","href":"https:\/\/api.w.org\/{rel}","templated":true}]}}